{"id":4,"date":"2018-04-05T09:52:34","date_gmt":"2018-04-05T09:52:34","guid":{"rendered":"https:\/\/marichamartinezsosa.com\/?page_id=4"},"modified":"2021-06-10T22:09:27","modified_gmt":"2021-06-10T22:09:27","slug":"about-me","status":"publish","type":"page","link":"https:\/\/marichamartinezsosa.com\/es\/about-me\/","title":{"rendered":"Sobre m\u00ed"},"content":{"rendered":"<section class=\"fw-main-row\"  >\n\t<div class=\"fw-container\">\n\t\t<div class=\"row\">\n\t\r\n\r\n<div class=\"col-xs-12 col-sm-12\">\r\n    <div id=\"col_inner_id-69f56e6a9cd6e\" class=\"fw-col-inner\" data-paddings=\"0px 0px 0px 0px\">\r\n\t\t\n<div class=\"block-title\">\n    <h3>Lo que hago<span><\/span><\/h3>\n<\/div>\n\t<\/div>\r\n<\/div>\r\n<\/div>\n\n<div class=\"row\">\n\t\r\n\r\n<div class=\"col-xs-12 col-sm-6\">\r\n    <div id=\"col_inner_id-69f56e6a9cfa8\" class=\"fw-col-inner\" data-paddings=\"0px 0px 0px 0px\">\r\n\t\t\n<div id=\"info-list-69f56e6a9d132\" class=\"info-list-w-icon\">\n\t\n\t\t\t\t\t<div id=\"info_block_with_icon_194e9fb1c355a2a8425f2f2401414b10\" class=\"info-block-w-icon\" data-color=\"#888\">\n\t\t\t\t    <div class=\"ci-icon\">\n\t\t        \t\t        \t                        <i class=\"lnr lnr-magnifier\"><\/i>\n\t\t                \t\t    <\/div>\n\t\t    <div class=\"ci-text\">\n\t\t        <h4>Investigaci\u00f3n<\/h4>\n\t\t        <p>Coordinaci\u00f3n y desarrollo de investigaciones para organizaciones, instituciones, marcas e iniciativas, con especial atenci\u00f3n a la comunicaci\u00f3n digital, la cultura, la educaci\u00f3n, el desarrollo y la innovaci\u00f3n. <\/p>\n\t\t    <\/div>\n\t\t<\/div>\n\t\t\t\t\t<div id=\"info_block_with_icon_525a6e5cdab1b988beb56fb067609ec6\" class=\"info-block-w-icon\" data-color=\"#888\">\n\t\t\t\t    <div class=\"ci-icon\">\n\t\t        \t\t        \t                        <i class=\"lnr lnr-laptop-phone\"><\/i>\n\t\t                \t\t    <\/div>\n\t\t    <div class=\"ci-text\">\n\t\t        <h4>Creaci\u00f3n de Contenido<\/h4>\n\t\t        <p>Creaci\u00f3n y producci\u00f3n de contenidos visuales y escritos, adaptados a cada necesidad de comunicaci\u00f3n. Incluye: dise\u00f1o gr\u00e1fico, fotograf\u00eda, v\u00eddeos y redacci\u00f3n publicitaria.<\/p>\n\t\t    <\/div>\n\t\t<\/div>\n\t<\/div>\n\t<\/div>\r\n<\/div>\r\n\r\n\r\n<div class=\"col-xs-12 col-sm-6\">\r\n    <div id=\"col_inner_id-69f56e6a9d1f6\" class=\"fw-col-inner\" data-paddings=\"0px 0px 0px 0px\">\r\n\t\t\n<div id=\"info-list-69f56e6a9d279\" class=\"info-list-w-icon\">\n\t\n\t\t\t\t\t<div id=\"info_block_with_icon_2c6f89184f5118179ef4a71f731a0a01\" class=\"info-block-w-icon\" data-color=\"#888\">\n\t\t\t\t    <div class=\"ci-icon\">\n\t\t        \t\t        \t                        <i class=\"lnr lnr-graduation-hat\"><\/i>\n\t\t                \t\t    <\/div>\n\t\t    <div class=\"ci-text\">\n\t\t        <h4>Educaci\u00f3n<\/h4>\n\t\t        <p>Dise\u00f1o y ejecuci\u00f3n de m\u00f3dulos educativos, cursos, sesiones de formaci\u00f3n y talleres en \u00e1reas como: comunicaci\u00f3n digital, creatividad, dise\u00f1o gr\u00e1fico y fotograf\u00eda, entre otras. <\/p>\n\t\t    <\/div>\n\t\t<\/div>\n\t\t\t\t\t<div id=\"info_block_with_icon_affc963d68a510917177e909ec6d4bae\" class=\"info-block-w-icon\" data-color=\"#888\">\n\t\t\t\t    <div class=\"ci-icon\">\n\t\t        \t\t        \t                        <i class=\"lnr lnr-eye\"><\/i>\n\t\t                \t\t    <\/div>\n\t\t    <div class=\"ci-text\">\n\t\t        <h4>Consultor\u00eda<\/h4>\n\t\t        <p>Consultor\u00eda ad hoc para marcas e iniciativas en \u00e1reas como comunicaci\u00f3n digital, branding, creatividad, est\u00e9tica e interacci\u00f3n con los clientes.<\/p>\n\t\t    <\/div>\n\t\t<\/div>\n\t<\/div>\n\t<\/div>\r\n<\/div>\r\n<\/div>\n\n<div class=\"row\">\n\t\r\n\r\n<div class=\"col-xs-12 col-sm-12\">\r\n    <div id=\"col_inner_id-69f56e6a9d3bc\" class=\"fw-col-inner\" data-paddings=\"20px 0px 40px 0px\">\r\n\t\t\n<div class=\"block-title\">\n    <h3>Testimonios<span><\/span><\/h3>\n<\/div>\n\n\n<div id=\"testimonials_8900c0b0ebb125e163eaec6d28782f5c\" class=\"testimonials owl-carousel \ttestimonials-loop-off \tautoplay-off\" \n\tdata-mobile-items=\"1\" \n\tdata-tablet-items=\"2\" \n\tdata-items=\"2 \"\n\tdata-by-page=\"1\"\n\t>\n\n\t\t\t<!-- Testimonial testimonials-69f56e6a9d610 -->\n\t\t<div class=\"testimonial-item testimonial-testimonials-69f56e6a9d610\">\n\n\t\t\t<!-- Testimonial Content -->\n\t\t\t<div class=\"testimonial-content\">\n\t\t\t\t<div class=\"testimonial-text\">\n                    \t\t\t\t\t   <p>Maricha es muy creativa y, al mismo tiempo, pragm\u00e1tica y orientada a los resultados. Siempre dispuesta a aprender e ir m\u00e1s all\u00e1, le encantan los retos. Su compromiso con el cliente y el equipo es total. Sabe sacar el m\u00e1ximo partido de cada situaci\u00f3n. Transforma las amenazas en oportunidades interesantes para aportar valor.<\/p>\n                    \t\t\t\t<\/div>\n\t\t\t<\/div>            \n\t\t\t<!-- \/Testimonial Content -->\n\n\t\t\t<!-- Testimonial Author -->\n\t\t\t<div class=\"testimonial-credits\">\n\t\t\t\t<!-- Picture -->\n\t\t\t\t<div class=\"testimonial-picture\">\n\t\t\t\t\t\t\t\t\t\t<img decoding=\"async\" src=\"\/\/marichamartinezsosa.com\/wp-content\/uploads\/2021\/06\/mar_areosa_profile-circled.png\" alt=\"Mar Areosa Sastre\"\/>\n\t\t\t\t<\/div>              \n\t\t\t\t<!-- \/Picture -->\n\t\t\t\t<!-- Testimonial author information -->\n\t\t\t\t<div class=\"testimonial-author-info\">\n\t\t\t\t\t<p class=\"testimonial-author\">Mar Areosa Sastre<\/p>\n\t\t\t\t\t\t\t\t\t\t\t\t\t\t\t\t\t\t\t\t\t\t\t\t\t<p class=\"testimonial-firm\"><a href=\"https:\/\/www.linkedin.com\/in\/mar-areosa-sastre-322a962\/\" target=\"_blank\">Madrid \/ Espa\u00f1a<\/a><\/p>\n\t\t\t\t\t\t\t\t\t\t\t\t\t\t\t<\/div>\n\t\t\t<\/div>\n\t\t\t<!-- \/Testimonial author information -->  \n  \n\t\t<\/div>\n\t\t<!-- End of Testimonial testimonials-69f56e6a9d610 -->\n\t\t\t<!-- Testimonial testimonials-69f56e6a9d610 -->\n\t\t<div class=\"testimonial-item testimonial-testimonials-69f56e6a9d610\">\n\n\t\t\t<!-- Testimonial Content -->\n\t\t\t<div class=\"testimonial-content\">\n\t\t\t\t<div class=\"testimonial-text\">\n                    \t\t\t\t\t   <p>Maricha es una persona con un exquisito sentido de la cooperaci\u00f3n, pero sobre todo es extremadamente responsable y proactiva. Su determinaci\u00f3n, su fuerza y su arrolladora personalidad son sus se\u00f1as de identidad. S\u00faper inteligente y dedicada. Es un excelente ser humano y trabajar con ella es muy gratificante.<\/p>\n                    \t\t\t\t<\/div>\n\t\t\t<\/div>            \n\t\t\t<!-- \/Testimonial Content -->\n\n\t\t\t<!-- Testimonial Author -->\n\t\t\t<div class=\"testimonial-credits\">\n\t\t\t\t<!-- Picture -->\n\t\t\t\t<div class=\"testimonial-picture\">\n\t\t\t\t\t\t\t\t\t\t<img decoding=\"async\" src=\"\/\/marichamartinezsosa.com\/wp-content\/uploads\/2021\/06\/fatima_de_la_rosa-profile.png\" alt=\"Fatima de la Rosa Valdez\"\/>\n\t\t\t\t<\/div>              \n\t\t\t\t<!-- \/Picture -->\n\t\t\t\t<!-- Testimonial author information -->\n\t\t\t\t<div class=\"testimonial-author-info\">\n\t\t\t\t\t<p class=\"testimonial-author\">F\u00e1tima de la Rosa Valdez<\/p>\n\t\t\t\t\t\t\t\t\t\t\t\t\t\t\t\t\t\t\t\t\t\t\t\t\t<p class=\"testimonial-firm\"><a href=\"https:\/\/www.linkedin.com\/in\/fatima-g-de-la-rosa-valdez-67818b31\/\" target=\"_blank\">Santo Domingo \/ Republica Dominicana<\/a><\/p>\n\t\t\t\t\t\t\t\t\t\t\t\t\t\t\t<\/div>\n\t\t\t<\/div>\n\t\t\t<!-- \/Testimonial author information -->  \n  \n\t\t<\/div>\n\t\t<!-- End of Testimonial testimonials-69f56e6a9d610 -->\n\t\t\t<!-- Testimonial testimonials-69f56e6a9d610 -->\n\t\t<div class=\"testimonial-item testimonial-testimonials-69f56e6a9d610\">\n\n\t\t\t<!-- Testimonial Content -->\n\t\t\t<div class=\"testimonial-content\">\n\t\t\t\t<div class=\"testimonial-text\">\n                    \t\t\t\t\t   <p>Conozco bien la dedicaci\u00f3n de esta gran profesional, su capacidad personal y su sentido de la responsabilidad que sin duda demuestran su aptitud como profesional en el sector de la Comunicaci\u00f3n Publicitaria y el Marketing.<\/p>\n                    \t\t\t\t<\/div>\n\t\t\t<\/div>            \n\t\t\t<!-- \/Testimonial Content -->\n\n\t\t\t<!-- Testimonial Author -->\n\t\t\t<div class=\"testimonial-credits\">\n\t\t\t\t<!-- Picture -->\n\t\t\t\t<div class=\"testimonial-picture\">\n\t\t\t\t\t\t\t\t\t\t<img decoding=\"async\" src=\"\/\/marichamartinezsosa.com\/wp-content\/uploads\/2021\/06\/oscar_barroso-profile.png\" alt=\"Oscar Barroso Huertas\"\/>\n\t\t\t\t<\/div>              \n\t\t\t\t<!-- \/Picture -->\n\t\t\t\t<!-- Testimonial author information -->\n\t\t\t\t<div class=\"testimonial-author-info\">\n\t\t\t\t\t<p class=\"testimonial-author\">Oscar Barroso Huertas<\/p>\n\t\t\t\t\t\t\t\t\t\t\t\t\t\t\t\t\t\t\t\t\t\t\t\t\t<p class=\"testimonial-firm\"><a href=\"https:\/\/www.linkedin.com\/in\/oscarbarroso\/\" target=\"_blank\">Baja California \/ M\u00e9xico<\/a><\/p>\n\t\t\t\t\t\t\t\t\t\t\t\t\t\t\t<\/div>\n\t\t\t<\/div>\n\t\t\t<!-- \/Testimonial author information -->  \n  \n\t\t<\/div>\n\t\t<!-- End of Testimonial testimonials-69f56e6a9d610 -->\n\t\t\t<!-- Testimonial testimonials-69f56e6a9d610 -->\n\t\t<div class=\"testimonial-item testimonial-testimonials-69f56e6a9d610\">\n\n\t\t\t<!-- Testimonial Content -->\n\t\t\t<div class=\"testimonial-content\">\n\t\t\t\t<div class=\"testimonial-text\">\n                    \t\t\t\t\t   <p>Descubr\u00ed las incre\u00edbles habilidades de Maricha para impartir cursos y su radiante personalidad. La vi ense\u00f1ar problemas complejos con facilidad, gracia y gran ingenio. Maricha es una profesora y facilitadora nata.<\/p>\n                    \t\t\t\t<\/div>\n\t\t\t<\/div>            \n\t\t\t<!-- \/Testimonial Content -->\n\n\t\t\t<!-- Testimonial Author -->\n\t\t\t<div class=\"testimonial-credits\">\n\t\t\t\t<!-- Picture -->\n\t\t\t\t<div class=\"testimonial-picture\">\n\t\t\t\t\t\t\t\t\t\t<img decoding=\"async\" src=\"\/\/marichamartinezsosa.com\/wp-content\/uploads\/2021\/06\/jade_vaillancourt-profile.png\" alt=\"Jade Vaillancourt\"\/>\n\t\t\t\t<\/div>              \n\t\t\t\t<!-- \/Picture -->\n\t\t\t\t<!-- Testimonial author information -->\n\t\t\t\t<div class=\"testimonial-author-info\">\n\t\t\t\t\t<p class=\"testimonial-author\">Jade Vaillancourt<\/p>\n\t\t\t\t\t\t\t\t\t\t\t\t\t\t\t\t\t\t\t\t\t\t\t\t\t<p class=\"testimonial-firm\"><a href=\"https:\/\/www.linkedin.com\/in\/jadevaillancourt\/\" target=\"_blank\">Montreal \/ Canada<\/a><\/p>\n\t\t\t\t\t\t\t\t\t\t\t\t\t\t\t<\/div>\n\t\t\t<\/div>\n\t\t\t<!-- \/Testimonial author information -->  \n  \n\t\t<\/div>\n\t\t<!-- End of Testimonial testimonials-69f56e6a9d610 -->\n\t<\/div>\n\t<\/div>\r\n<\/div>\r\n<\/div>\n\n\t<\/div>\n<\/section>","protected":false},"excerpt":{"rendered":"<p>What I Do Research Coordination and development of research for organizations, institutions, brands and initiatives, with special focus on digital communication, culture, education, development and innovation. Content Creation Creation and production of visual and written content, tailored to each communication needs. Including: graphic design, photography, videos and copywriting. Education Design and execution of educational modules,&#8230;<\/p>\n<p><a class=\"read-more\" href=\"https:\/\/marichamartinezsosa.com\/es\/about-me\/\">Read More<\/a><\/p>","protected":false},"author":1,"featured_media":0,"parent":0,"menu_order":0,"comment_status":"closed","ping_status":"closed","template":"page-templates\/template-kerge-start-page.php","meta":{"om_disable_all_campaigns":false,"_monsterinsights_skip_tracking":false,"_monsterinsights_sitenote_active":false,"_monsterinsights_sitenote_note":"","_monsterinsights_sitenote_category":0,"footnotes":""},"class_list":["post-4","page","type-page","status-publish","hentry"],"aioseo_notices":[],"_links":{"self":[{"href":"https:\/\/marichamartinezsosa.com\/es\/wp-json\/wp\/v2\/pages\/4","targetHints":{"allow":["GET"]}}],"collection":[{"href":"https:\/\/marichamartinezsosa.com\/es\/wp-json\/wp\/v2\/pages"}],"about":[{"href":"https:\/\/marichamartinezsosa.com\/es\/wp-json\/wp\/v2\/types\/page"}],"author":[{"embeddable":true,"href":"https:\/\/marichamartinezsosa.com\/es\/wp-json\/wp\/v2\/users\/1"}],"replies":[{"embeddable":true,"href":"https:\/\/marichamartinezsosa.com\/es\/wp-json\/wp\/v2\/comments?post=4"}],"version-history":[{"count":0,"href":"https:\/\/marichamartinezsosa.com\/es\/wp-json\/wp\/v2\/pages\/4\/revisions"}],"wp:attachment":[{"href":"https:\/\/marichamartinezsosa.com\/es\/wp-json\/wp\/v2\/media?parent=4"}],"curies":[{"name":"wp","href":"https:\/\/api.w.org\/{rel}","templated":true}]}}